{"id":123,"date":"2022-07-21T03:25:45","date_gmt":"2022-07-21T03:25:45","guid":{"rendered":"https:\/\/someja.org\/?page_id=123"},"modified":"2022-07-21T03:25:45","modified_gmt":"2022-07-21T03:25:45","slug":"idioma","status":"publish","type":"page","link":"https:\/\/someja.org\/?page_id=123","title":{"rendered":"Idioma"},"content":{"rendered":"\n<div class=\"wp-block-media-text alignwide is-stacked-on-mobile\"><figure class=\"wp-block-media-text__media\"><img loading=\"lazy\" decoding=\"async\" width=\"810\" height=\"450\" src=\"https:\/\/someja.org\/wp-content\/uploads\/2022\/07\/Hiragana-katakana-kanji.png\" alt=\"\" class=\"wp-image-124 size-full\" srcset=\"https:\/\/someja.org\/wp-content\/uploads\/2022\/07\/Hiragana-katakana-kanji.png 810w, https:\/\/someja.org\/wp-content\/uploads\/2022\/07\/Hiragana-katakana-kanji-300x167.png 300w, https:\/\/someja.org\/wp-content\/uploads\/2022\/07\/Hiragana-katakana-kanji-768x427.png 768w\" sizes=\"auto, (max-width: 810px) 100vw, 810px\" \/><\/figure><div class=\"wp-block-media-text__content\">\n<p>El idioma japon\u00e9s en cuanto a su gram\u00e1tica es sencilla, sin embargo, su escritura consta de tres principales tipos de letras: <\/p>\n\n\n\n<p>Los caracteres chinos denominados &#8220;<em>Kanji&#8221; <\/em>se introdujeron a Jap\u00f3n en el siglo VI d.C.<\/p>\n\n\n\n<p>Los japoneses lo adoptaron para escribir su idioma, sin embargo, esto fue muy dif\u00edcil debido a las diferencias entre el idioma chino y el japon\u00e9s. Para darles una idea, hay m\u00e1s de 2000 kanji de uso cotidiano en el idioma japon\u00e9s. <\/p>\n\n\n\n<p>Por esta raz\u00f3n crearon otros dos tipos de escritura, llamada <em>&#8220;hiragana&#8221;<\/em> y <em>&#8220;katakana&#8221;.<\/em><\/p>\n<\/div><\/div>\n\n\n\n<div class=\"wp-block-media-text alignwide is-stacked-on-mobile\"><figure class=\"wp-block-media-text__media\"><img loading=\"lazy\" decoding=\"async\" width=\"650\" height=\"607\" src=\"http:\/\/someja.org\/wp-content\/uploads\/2022\/07\/Hiragana-2.png\" alt=\"\" class=\"wp-image-126 size-full\" srcset=\"https:\/\/someja.org\/wp-content\/uploads\/2022\/07\/Hiragana-2.png 650w, https:\/\/someja.org\/wp-content\/uploads\/2022\/07\/Hiragana-2-300x280.png 300w\" sizes=\"auto, (max-width: 650px) 100vw, 650px\" \/><\/figure><div class=\"wp-block-media-text__content\">\n<p>El silabario<em>\u00a0hiragana<\/em>\u00a0<strong>est\u00e1 compuesto por 46 s\u00edmbolos<\/strong>, cada uno representa\u00a0<strong>un sonido\u00a0<\/strong>diferente. Cada s\u00edmbolo del\u00a0<em>hiragana<\/em>\u00a0deriva de la escritura cursiva de ciertos\u00a0<em>kanji<\/em>\u00a0que con el paso del tiempo se fueron simplificando para representar un solo sonido. En general, el\u00a0<em>hiragana<\/em>\u00a0se usa para\u00a0<strong>escribir todas las inflexiones y modificaciones de los verbos, adjetivos, adverbios y part\u00edculas.<\/strong><\/p>\n<\/div><\/div>\n\n\n\n<div class=\"wp-block-media-text alignwide is-stacked-on-mobile\"><figure class=\"wp-block-media-text__media\"><img loading=\"lazy\" decoding=\"async\" width=\"759\" height=\"427\" src=\"http:\/\/someja.org\/wp-content\/uploads\/2022\/07\/Katakana.jpg\" alt=\"Katakana\" class=\"wp-image-125 size-full\" srcset=\"https:\/\/someja.org\/wp-content\/uploads\/2022\/07\/Katakana.jpg 759w, https:\/\/someja.org\/wp-content\/uploads\/2022\/07\/Katakana-300x169.jpg 300w\" sizes=\"auto, (max-width: 759px) 100vw, 759px\" \/><\/figure><div class=\"wp-block-media-text__content\">\n<p>El<strong> silabario\u00a0<em>katakana<\/em>\u00a0consta tambi\u00e9n de 46 sonidos<\/strong>. Los s\u00edmbolos son diferentes, pero los sonidos que representan son exactamente los mismos que el\u00a0<em>hiragana<\/em>. El uso de\u00a0<em>este\u00a0<\/em>alfabeto fue originalmente de utilidad para los monjes budistas al hacer anotaciones de pronunciaci\u00f3n y comentarios sobre las lecciones, y tambi\u00e9n para la ense\u00f1anza de las escrituras sagradas del budismo. Actualmente,\u00a0<strong>el uso de\u00a0<em>katakana<\/em>\u00a0se reserva casi exclusivamente para escribir palabras de origen extranjero.<\/strong><\/p>\n<\/div><\/div>\n","protected":false},"excerpt":{"rendered":"<p>El idioma japon\u00e9s en cuanto a su gram\u00e1tica es sencilla, sin embargo, su escritura consta de tres principales tipos de letras: Los caracteres chinos denominados &#8220;Kanji&#8221; se introdujeron a Jap\u00f3n <a class=\"more-link\" href=\"https:\/\/someja.org\/?page_id=123\">Continue Reading &rarr;<\/a><\/p>\n","protected":false},"author":1,"featured_media":0,"parent":0,"menu_order":0,"comment_status":"closed","ping_status":"closed","template":"","meta":{"om_disable_all_campaigns":false,"_monsterinsights_skip_tracking":false,"_monsterinsights_sitenote_active":false,"_monsterinsights_sitenote_note":"","_monsterinsights_sitenote_category":0,"footnotes":""},"class_list":["post-123","page","type-page","status-publish","hentry"],"_links":{"self":[{"href":"https:\/\/someja.org\/index.php?rest_route=\/wp\/v2\/pages\/123","targetHints":{"allow":["GET"]}}],"collection":[{"href":"https:\/\/someja.org\/index.php?rest_route=\/wp\/v2\/pages"}],"about":[{"href":"https:\/\/someja.org\/index.php?rest_route=\/wp\/v2\/types\/page"}],"author":[{"embeddable":true,"href":"https:\/\/someja.org\/index.php?rest_route=\/wp\/v2\/users\/1"}],"replies":[{"embeddable":true,"href":"https:\/\/someja.org\/index.php?rest_route=%2Fwp%2Fv2%2Fcomments&post=123"}],"version-history":[{"count":1,"href":"https:\/\/someja.org\/index.php?rest_route=\/wp\/v2\/pages\/123\/revisions"}],"predecessor-version":[{"id":127,"href":"https:\/\/someja.org\/index.php?rest_route=\/wp\/v2\/pages\/123\/revisions\/127"}],"wp:attachment":[{"href":"https:\/\/someja.org\/index.php?rest_route=%2Fwp%2Fv2%2Fmedia&parent=123"}],"curies":[{"name":"wp","href":"https:\/\/api.w.org\/{rel}","templated":true}]}}