{"id":140,"date":"2022-07-22T03:29:24","date_gmt":"2022-07-22T03:29:24","guid":{"rendered":"https:\/\/someja.org\/?page_id=140"},"modified":"2022-07-22T05:16:24","modified_gmt":"2022-07-22T05:16:24","slug":"industria","status":"publish","type":"page","link":"https:\/\/someja.org\/?page_id=140","title":{"rendered":"Deportes"},"content":{"rendered":"\n<div class=\"wp-block-media-text alignwide is-stacked-on-mobile\"><figure class=\"wp-block-media-text__media\"><img loading=\"lazy\" decoding=\"async\" width=\"1024\" height=\"678\" src=\"https:\/\/someja.org\/wp-content\/uploads\/2022\/07\/Karate-1024x678.jpg\" alt=\"\" class=\"wp-image-150 size-full\" srcset=\"https:\/\/someja.org\/wp-content\/uploads\/2022\/07\/Karate-1024x678.jpg 1024w, https:\/\/someja.org\/wp-content\/uploads\/2022\/07\/Karate-300x199.jpg 300w, https:\/\/someja.org\/wp-content\/uploads\/2022\/07\/Karate-768x509.jpg 768w, https:\/\/someja.org\/wp-content\/uploads\/2022\/07\/Karate.jpg 1280w\" sizes=\"auto, (max-width: 1024px) 100vw, 1024px\" \/><\/figure><div class=\"wp-block-media-text__content\">\n<p><strong>Karate<\/strong><\/p>\n\n\n\n<p>El karate es un\u00a0<strong>arte marcial japon\u00e9s<\/strong>\u00a0que se considera, sobre todo, un arte defensivo. Se compone de dos t\u00e9rminos &#8220;kara&#8221; que significa &#8220;Vac\u00edo&#8221; y &#8220;Te&#8221; que significa mano.  El t\u00e9rmino <strong>karate-do<\/strong>\u00a0, significa <strong>\u201cel camino de la mano vac\u00eda\u201d<\/strong>. Su origen data del siglo XVI en las islas Ry\u016bky\u016b, actualmente conocidas como Okinawa. <\/p>\n\n\n\n<p>Consiste en <strong>golpes secos<\/strong>\u00a0que se realizan con los pies, rodillas, los codos y el borde de la mano. La primera escuela que se conoce es el\u00a0<em>Karate-do Shotokan<\/em>, el cual fue creado por Gichin Funakoshi, junto con su hijo Yoshitaka Funakoshi, a finales del siglo XIX  y comienzos del siglo XX. <\/p>\n\n\n\n<p>En la actualidad existen 15 diferentes estilos de karate reconocidos, pese a esto se sigue prefiriendo la forma de combate de la escuela <em>Shotokan<\/em>.\u00a0<\/p>\n<\/div><\/div>\n\n\n\n<div class=\"wp-block-media-text alignwide is-stacked-on-mobile\"><figure class=\"wp-block-media-text__media\"><img loading=\"lazy\" decoding=\"async\" width=\"1024\" height=\"709\" src=\"https:\/\/someja.org\/wp-content\/uploads\/2022\/07\/Judo_someja-1024x709.webp\" alt=\"\" class=\"wp-image-151 size-full\" srcset=\"https:\/\/someja.org\/wp-content\/uploads\/2022\/07\/Judo_someja-1024x709.webp 1024w, https:\/\/someja.org\/wp-content\/uploads\/2022\/07\/Judo_someja-300x208.webp 300w, https:\/\/someja.org\/wp-content\/uploads\/2022\/07\/Judo_someja-768x532.webp 768w, https:\/\/someja.org\/wp-content\/uploads\/2022\/07\/Judo_someja-1536x1063.webp 1536w, https:\/\/someja.org\/wp-content\/uploads\/2022\/07\/Judo_someja-2048x1418.webp 2048w\" sizes=\"auto, (max-width: 1024px) 100vw, 1024px\" \/><\/figure><div class=\"wp-block-media-text__content\">\n<p>Judo<\/p>\n<\/div><\/div>\n\n\n\n<div class=\"wp-block-media-text alignwide is-stacked-on-mobile\"><figure class=\"wp-block-media-text__media\"><img loading=\"lazy\" decoding=\"async\" width=\"1024\" height=\"762\" src=\"https:\/\/someja.org\/wp-content\/uploads\/2022\/07\/kendo-Someja-1024x762.png\" alt=\"\" class=\"wp-image-152 size-full\" srcset=\"https:\/\/someja.org\/wp-content\/uploads\/2022\/07\/kendo-Someja-1024x762.png 1024w, https:\/\/someja.org\/wp-content\/uploads\/2022\/07\/kendo-Someja-300x223.png 300w, https:\/\/someja.org\/wp-content\/uploads\/2022\/07\/kendo-Someja-768x572.png 768w, https:\/\/someja.org\/wp-content\/uploads\/2022\/07\/kendo-Someja.png 1280w\" sizes=\"auto, (max-width: 1024px) 100vw, 1024px\" \/><\/figure><div class=\"wp-block-media-text__content\">\n<p>Kendo<\/p>\n<\/div><\/div>\n\n\n\n<div class=\"wp-block-media-text alignwide is-stacked-on-mobile\"><figure class=\"wp-block-media-text__media\"><img loading=\"lazy\" decoding=\"async\" width=\"800\" height=\"488\" src=\"https:\/\/someja.org\/wp-content\/uploads\/2022\/07\/asanoyama-kakuryu-Sumo-2020.jpg\" alt=\"\" class=\"wp-image-149 size-full\" srcset=\"https:\/\/someja.org\/wp-content\/uploads\/2022\/07\/asanoyama-kakuryu-Sumo-2020.jpg 800w, https:\/\/someja.org\/wp-content\/uploads\/2022\/07\/asanoyama-kakuryu-Sumo-2020-300x183.jpg 300w, https:\/\/someja.org\/wp-content\/uploads\/2022\/07\/asanoyama-kakuryu-Sumo-2020-768x468.jpg 768w\" sizes=\"auto, (max-width: 800px) 100vw, 800px\" \/><\/figure><div class=\"wp-block-media-text__content\">\n<p><strong>Sumo<\/strong><\/p>\n\n\n\n<p>Este deporte consiste en en la lucha cuerpo a cuerpo entre dos hombres de gran peso, que tratan de arrojar al contrincante fuera de un c\u00edrculo que representa el \u00e1rea de combate. Los encuentros son breves y comienzan con un ritual que consiste en lanzar sal en el redondel, como se\u00f1al de purificaci\u00f3n. Los luchadores de sumo se consideran grandes estrellas y se preparan durante muchos a\u00f1os para llegar a sobresalir y ser reconocidos. <\/p>\n<\/div><\/div>\n\n\n\n<div class=\"wp-block-media-text alignwide is-stacked-on-mobile\"><figure class=\"wp-block-media-text__media\"><img loading=\"lazy\" decoding=\"async\" width=\"1024\" height=\"683\" src=\"https:\/\/someja.org\/wp-content\/uploads\/2022\/07\/Aikido-1024x683.jpg\" alt=\"<a href=&quot;https:\/\/www.freepik.es\/fotos\/aikido&quot;&gt;Foto de aikido creado por master1305 - www.freepik.es<\/a&gt;\" class=\"wp-image-153 size-full\" srcset=\"https:\/\/someja.org\/wp-content\/uploads\/2022\/07\/Aikido-1024x683.jpg 1024w, https:\/\/someja.org\/wp-content\/uploads\/2022\/07\/Aikido-300x200.jpg 300w, https:\/\/someja.org\/wp-content\/uploads\/2022\/07\/Aikido-768x512.jpg 768w, https:\/\/someja.org\/wp-content\/uploads\/2022\/07\/Aikido-1536x1024.jpg 1536w, https:\/\/someja.org\/wp-content\/uploads\/2022\/07\/Aikido-2048x1365.jpg 2048w, https:\/\/someja.org\/wp-content\/uploads\/2022\/07\/Aikido-750x499.jpg 750w, https:\/\/someja.org\/wp-content\/uploads\/2022\/07\/Aikido-360x240.jpg 360w\" sizes=\"auto, (max-width: 1024px) 100vw, 1024px\" \/><\/figure><div class=\"wp-block-media-text__content\">\n<p>Aikido<\/p>\n<\/div><\/div>\n","protected":false},"excerpt":{"rendered":"<p>Karate El karate es un\u00a0arte marcial japon\u00e9s\u00a0que se considera, sobre todo, un arte defensivo. Se compone de dos t\u00e9rminos &#8220;kara&#8221; que significa &#8220;Vac\u00edo&#8221; y &#8220;Te&#8221; que significa mano. El t\u00e9rmino <a class=\"more-link\" href=\"https:\/\/someja.org\/?page_id=140\">Continue Reading &rarr;<\/a><\/p>\n","protected":false},"author":1,"featured_media":0,"parent":41,"menu_order":3,"comment_status":"closed","ping_status":"closed","template":"","meta":{"om_disable_all_campaigns":false,"_monsterinsights_skip_tracking":false,"_monsterinsights_sitenote_active":false,"_monsterinsights_sitenote_note":"","_monsterinsights_sitenote_category":0,"footnotes":""},"class_list":["post-140","page","type-page","status-publish","hentry"],"_links":{"self":[{"href":"https:\/\/someja.org\/index.php?rest_route=\/wp\/v2\/pages\/140","targetHints":{"allow":["GET"]}}],"collection":[{"href":"https:\/\/someja.org\/index.php?rest_route=\/wp\/v2\/pages"}],"about":[{"href":"https:\/\/someja.org\/index.php?rest_route=\/wp\/v2\/types\/page"}],"author":[{"embeddable":true,"href":"https:\/\/someja.org\/index.php?rest_route=\/wp\/v2\/users\/1"}],"replies":[{"embeddable":true,"href":"https:\/\/someja.org\/index.php?rest_route=%2Fwp%2Fv2%2Fcomments&post=140"}],"version-history":[{"count":5,"href":"https:\/\/someja.org\/index.php?rest_route=\/wp\/v2\/pages\/140\/revisions"}],"predecessor-version":[{"id":154,"href":"https:\/\/someja.org\/index.php?rest_route=\/wp\/v2\/pages\/140\/revisions\/154"}],"up":[{"embeddable":true,"href":"https:\/\/someja.org\/index.php?rest_route=\/wp\/v2\/pages\/41"}],"wp:attachment":[{"href":"https:\/\/someja.org\/index.php?rest_route=%2Fwp%2Fv2%2Fmedia&parent=140"}],"curies":[{"name":"wp","href":"https:\/\/api.w.org\/{rel}","templated":true}]}}