{"id":177,"date":"2022-07-22T23:35:57","date_gmt":"2022-07-22T23:35:57","guid":{"rendered":"https:\/\/someja.org\/?page_id=177"},"modified":"2022-07-22T23:53:05","modified_gmt":"2022-07-22T23:53:05","slug":"asociaciones-relacionadas","status":"publish","type":"page","link":"https:\/\/someja.org\/?page_id=177","title":{"rendered":"Asociaciones relacionadas"},"content":{"rendered":"\n<div class=\"wp-block-media-text alignwide is-stacked-on-mobile\"><figure class=\"wp-block-media-text__media\"><a href=\"https:\/\/www.mx.emb-japan.go.jp\/itprtop_es\/index.html\"><img loading=\"lazy\" decoding=\"async\" width=\"297\" height=\"170\" src=\"https:\/\/someja.org\/wp-content\/uploads\/2022\/07\/BanderasMexicoJapon.jpg\" alt=\"\" class=\"wp-image-178 size-full\"\/><\/a><\/figure><div class=\"wp-block-media-text__content\">\n<p><strong>EMBAJADA DEL JAP\u00d3N EN M\u00c9XICO&nbsp;<\/strong><br>Paseo de la Reforma 243, Torre Mapfre Piso 9, Col.Cuauht\u00e9moc,  Alcald\u00eda Cuauht\u00e9moc, Ciudad de M\u00e9xico, M\u00e9xico. CP 06500<br>Tel:(+52) (55) 5211-0028<\/p>\n<\/div><\/div>\n\n\n\n<div class=\"wp-block-media-text alignwide has-media-on-the-right is-stacked-on-mobile\"><figure class=\"wp-block-media-text__media\"><a href=\"https:\/\/mc.jpf.go.jp\/\"><img loading=\"lazy\" decoding=\"async\" width=\"452\" height=\"87\" src=\"https:\/\/someja.org\/wp-content\/uploads\/2022\/07\/logoFJ.png\" alt=\"\" class=\"wp-image-179 size-full\" srcset=\"https:\/\/someja.org\/wp-content\/uploads\/2022\/07\/logoFJ.png 452w, https:\/\/someja.org\/wp-content\/uploads\/2022\/07\/logoFJ-300x58.png 300w\" sizes=\"auto, (max-width: 452px) 100vw, 452px\" \/><\/a><\/figure><div class=\"wp-block-media-text__content\">\n<p><strong>FUNDACI\u00d3N JAP\u00d3N EN M\u00c9XICO<\/strong><\/p>\n\n\n\n<p><strong>Ej\u00e9rcito Nacional No 418, Int. 207<\/strong><br><strong>Polanco V Secci\u00f3n, CDMX<\/strong><br><strong>CP. 11560<\/strong><\/p>\n<\/div><\/div>\n\n\n\n<div class=\"wp-block-media-text alignwide is-stacked-on-mobile\" style=\"grid-template-columns:43% auto\"><figure class=\"wp-block-media-text__media\"><a href=\"http:\/\/asemeja.org\/\"><img loading=\"lazy\" decoding=\"async\" width=\"367\" height=\"137\" src=\"https:\/\/someja.org\/wp-content\/uploads\/2022\/07\/Logo-ASEMEJA.png\" alt=\"\" class=\"wp-image-184 size-full\" srcset=\"https:\/\/someja.org\/wp-content\/uploads\/2022\/07\/Logo-ASEMEJA.png 367w, https:\/\/someja.org\/wp-content\/uploads\/2022\/07\/Logo-ASEMEJA-300x112.png 300w\" sizes=\"auto, (max-width: 367px) 100vw, 367px\" \/><\/a><\/figure><div class=\"wp-block-media-text__content\">\n<p><strong>ASEMEJA <\/strong><\/p>\n\n\n\n<p><strong>Asociaci\u00f3n de Exbecarios de JICA<\/strong><\/p>\n\n\n\n<p>Grupo multidisciplinario de profesionales de diferentes cursos y especialidades t\u00e9cnicas del programa de&nbsp;<strong>Becas de JICA M\u00e9xico<\/strong>.<\/p>\n\n\n\n<p>Ej\u00e9rcito Nacional No. 904 Piso 16 B (Anexo)<br>Col. Palmas Polanco, deleg. Miguel Hidalgo CP 11560, CDMX.<br><strong>Telefono:<\/strong>&nbsp;(55) 5580.0136 ext. 130<\/p>\n<\/div><\/div>\n\n\n\n<div class=\"wp-block-media-text alignwide has-media-on-the-right is-stacked-on-mobile\" style=\"grid-template-columns:auto 26%\"><figure class=\"wp-block-media-text__media\"><img loading=\"lazy\" decoding=\"async\" width=\"129\" height=\"130\" src=\"https:\/\/someja.org\/wp-content\/uploads\/2022\/07\/Logo-AMEJ.png\" alt=\"\" class=\"wp-image-181 size-full\"\/><\/figure><div class=\"wp-block-media-text__content\">\n<p><strong>AMEJ <\/strong><\/p>\n\n\n\n<p><strong>Asociaci\u00f3n Mexicana de Exbecarios de Jap\u00f3n.<\/strong><\/p>\n\n\n\n<p>Asociaci\u00f3n cuyo objetivo es fortalecer la amistad, mutuo entendimiento y relaciones de intercambio cultural entre M\u00e9xico y Jap\u00f3n; aportar al desarrollo cient\u00edfico, cultural y econ\u00f3mico de M\u00e9xico y fomentar la fraternidad entre sus miembros que los une la grata fortuna de haber sido becados para realizar estudios en Jap\u00f3n.<\/p>\n<\/div><\/div>\n\n\n\n<div class=\"wp-block-media-text alignwide is-stacked-on-mobile\"><figure class=\"wp-block-media-text__media\"><a href=\"https:\/\/japon.org.mx\/es\/\"><img loading=\"lazy\" decoding=\"async\" width=\"600\" height=\"80\" src=\"https:\/\/someja.org\/wp-content\/uploads\/2022\/07\/LogoCamaraJaponesa.jpg\" alt=\"\" class=\"wp-image-180 size-full\" srcset=\"https:\/\/someja.org\/wp-content\/uploads\/2022\/07\/LogoCamaraJaponesa.jpg 600w, https:\/\/someja.org\/wp-content\/uploads\/2022\/07\/LogoCamaraJaponesa-300x40.jpg 300w\" sizes=\"auto, (max-width: 600px) 100vw, 600px\" \/><\/a><\/figure><div class=\"wp-block-media-text__content\">\n<p><strong>C\u00e1mara Japonesa de Comercio e Industria de M\u00e9xico, A.C.<\/strong><\/p>\n\n\n\n<p>Asociaci\u00f3n que busca fomentar la amistad entre sus socios; proteger y promover sus respectivos intereses; realizar actividades que contribuyan al aumento de relaciones econ\u00f3micas entre M\u00e9xico y Jap\u00f3n as\u00ed como realizar otras actividades relacionadas.<\/p>\n<\/div><\/div>\n","protected":false},"excerpt":{"rendered":"<p>EMBAJADA DEL JAP\u00d3N EN M\u00c9XICO&nbsp;Paseo de la Reforma 243, Torre Mapfre Piso 9, Col.Cuauht\u00e9moc, Alcald\u00eda Cuauht\u00e9moc, Ciudad de M\u00e9xico, M\u00e9xico. CP 06500Tel:(+52) (55) 5211-0028 FUNDACI\u00d3N JAP\u00d3N EN M\u00c9XICO Ej\u00e9rcito Nacional <a class=\"more-link\" href=\"https:\/\/someja.org\/?page_id=177\">Continue Reading &rarr;<\/a><\/p>\n","protected":false},"author":1,"featured_media":0,"parent":0,"menu_order":0,"comment_status":"closed","ping_status":"closed","template":"","meta":{"om_disable_all_campaigns":false,"_monsterinsights_skip_tracking":false,"_monsterinsights_sitenote_active":false,"_monsterinsights_sitenote_note":"","_monsterinsights_sitenote_category":0,"footnotes":""},"class_list":["post-177","page","type-page","status-publish","hentry"],"_links":{"self":[{"href":"https:\/\/someja.org\/index.php?rest_route=\/wp\/v2\/pages\/177","targetHints":{"allow":["GET"]}}],"collection":[{"href":"https:\/\/someja.org\/index.php?rest_route=\/wp\/v2\/pages"}],"about":[{"href":"https:\/\/someja.org\/index.php?rest_route=\/wp\/v2\/types\/page"}],"author":[{"embeddable":true,"href":"https:\/\/someja.org\/index.php?rest_route=\/wp\/v2\/users\/1"}],"replies":[{"embeddable":true,"href":"https:\/\/someja.org\/index.php?rest_route=%2Fwp%2Fv2%2Fcomments&post=177"}],"version-history":[{"count":5,"href":"https:\/\/someja.org\/index.php?rest_route=\/wp\/v2\/pages\/177\/revisions"}],"predecessor-version":[{"id":191,"href":"https:\/\/someja.org\/index.php?rest_route=\/wp\/v2\/pages\/177\/revisions\/191"}],"wp:attachment":[{"href":"https:\/\/someja.org\/index.php?rest_route=%2Fwp%2Fv2%2Fmedia&parent=177"}],"curies":[{"name":"wp","href":"https:\/\/api.w.org\/{rel}","templated":true}]}}