{"id":200,"date":"2022-08-01T03:45:15","date_gmt":"2022-08-01T03:45:15","guid":{"rendered":"https:\/\/someja.org\/?page_id=200"},"modified":"2022-08-01T04:06:46","modified_gmt":"2022-08-01T04:06:46","slug":"manga","status":"publish","type":"page","link":"https:\/\/someja.org\/?page_id=200","title":{"rendered":"Manga"},"content":{"rendered":"\n<div class=\"wp-block-media-text alignwide is-stacked-on-mobile\"><figure class=\"wp-block-media-text__media\"><img loading=\"lazy\" decoding=\"async\" width=\"1024\" height=\"683\" src=\"https:\/\/someja.org\/wp-content\/uploads\/2022\/08\/Manga-1024x683.jpg\" alt=\"\" class=\"wp-image-207 size-full\" srcset=\"https:\/\/someja.org\/wp-content\/uploads\/2022\/08\/Manga-1024x683.jpg 1024w, https:\/\/someja.org\/wp-content\/uploads\/2022\/08\/Manga-300x200.jpg 300w, https:\/\/someja.org\/wp-content\/uploads\/2022\/08\/Manga-768x512.jpg 768w, https:\/\/someja.org\/wp-content\/uploads\/2022\/08\/Manga-1536x1024.jpg 1536w, https:\/\/someja.org\/wp-content\/uploads\/2022\/08\/Manga-750x499.jpg 750w, https:\/\/someja.org\/wp-content\/uploads\/2022\/08\/Manga-360x240.jpg 360w, https:\/\/someja.org\/wp-content\/uploads\/2022\/08\/Manga.jpg 2048w\" sizes=\"auto, (max-width: 1024px) 100vw, 1024px\" \/><\/figure><div class=\"wp-block-media-text__content\">\n<p>El manga se refiere a la expresi\u00f3n art\u00edstica y cultural de Jap\u00f3n que consiste en presentar historias en formato impreso, <\/p>\n\n\n\n<p>Hay diferentes tipos de clasificaciones, ya sea por grupo demogr\u00e1fico o por g\u00e9nero narrativo.<\/p>\n<\/div><\/div>\n\n\n\n<div class=\"wp-block-media-text alignwide has-media-on-the-right is-stacked-on-mobile\"><figure class=\"wp-block-media-text__media\"><img loading=\"lazy\" decoding=\"async\" width=\"1024\" height=\"576\" src=\"https:\/\/someja.org\/wp-content\/uploads\/2022\/08\/Shojo-Manga-1024x576.webp\" alt=\"\" class=\"wp-image-210 size-full\" srcset=\"https:\/\/someja.org\/wp-content\/uploads\/2022\/08\/Shojo-Manga-1024x576.webp 1024w, https:\/\/someja.org\/wp-content\/uploads\/2022\/08\/Shojo-Manga-300x169.webp 300w, https:\/\/someja.org\/wp-content\/uploads\/2022\/08\/Shojo-Manga-768x432.webp 768w, https:\/\/someja.org\/wp-content\/uploads\/2022\/08\/Shojo-Manga-1536x864.webp 1536w, https:\/\/someja.org\/wp-content\/uploads\/2022\/08\/Shojo-Manga.webp 1900w\" sizes=\"auto, (max-width: 1024px) 100vw, 1024px\" \/><\/figure><div class=\"wp-block-media-text__content\">\n<ul class=\"wp-block-list\"><li><strong><em>Kodomo<\/em>\u00a0manga<\/strong>: <\/li><li>Historias dirigidas a p\u00fablico infantil, p. ej. <em>Doraemon<\/em>.<\/li><li><strong><em>Sh\u014dnen<\/em>\u00a0manga<\/strong>: <\/li><li>Historias para adolescentes masculinos, como\u00a0<em>Dragon Ball.<\/em><\/li><li><strong><em>Sh\u014djo<\/em>\u00a0manga<\/strong>: <\/li><li>Historias para adolescentes femeninas, como\u00a0<em>Kaichou wa Maid-sama!<\/em><\/li><li><strong><em>Seinen<\/em>\u00a0manga<\/strong>: <\/li><li>Historias para hombres adultos, como\u00a0<em>Ghost in the shell.<\/em><\/li><li><strong><em>Josei\u00a0<\/em>manga<\/strong>: historia para mujeres adultas, como\u00a0<em>Nana.<\/em><\/li><\/ul>\n<\/div><\/div>\n\n\n\n<div class=\"wp-block-media-text alignwide is-stacked-on-mobile\"><figure class=\"wp-block-media-text__media\"><img loading=\"lazy\" decoding=\"async\" width=\"1024\" height=\"576\" src=\"https:\/\/someja.org\/wp-content\/uploads\/2022\/08\/Manga3-1024x576.jpg\" alt=\"\" class=\"wp-image-208 size-full\" srcset=\"https:\/\/someja.org\/wp-content\/uploads\/2022\/08\/Manga3-1024x576.jpg 1024w, https:\/\/someja.org\/wp-content\/uploads\/2022\/08\/Manga3-300x169.jpg 300w, https:\/\/someja.org\/wp-content\/uploads\/2022\/08\/Manga3-768x432.jpg 768w, https:\/\/someja.org\/wp-content\/uploads\/2022\/08\/Manga3.jpg 1200w\" sizes=\"auto, (max-width: 1024px) 100vw, 1024px\" \/><\/figure><div class=\"wp-block-media-text__content\">\n<p>Seg\u00fan el g\u00e9nero narrativo existen algunos ejemplos tales como: <\/p>\n\n\n\n<ul class=\"wp-block-list\"><li><em><strong>Nekketsu<\/strong><\/em>: el personaje principal presenta valores como el amor, la amistad, la constancia y el trabajo duro. Tiene muchas escenas de acci\u00f3n. Mangas como<em>\u00a0Dragon Ball<\/em>\u00a0y\u00a0<em>Naruto<\/em>\u00a0son ejemplos cl\u00e1sicos de\u00a0<em>nekketsu<\/em>.<\/li><li><em><strong>Spokon<\/strong><\/em>: historias centradas en los deportes.\u00a0<em>Campeones<\/em>\u00a0fue el primer manga de este estilo.<\/li><li><em><strong>Gekiga<\/strong><\/em>: historias dram\u00e1ticas para p\u00fablico adulto, tales como\u00a0<em>Onward Towards Our Noble Deaths.<\/em><\/li><li><em><strong>Mecha<\/strong><\/em>: la historia est\u00e1 centrada en robots gigantes.\u00a0<em>Mazinger Z<\/em>\u00a0es uno de los cl\u00e1sicos del g\u00e9nero.<\/li><li><em><strong>Mah\u014d Sh\u014djo<\/strong><\/em>: ni\u00f1a o joven con habilidades m\u00e1gicas, como\u00a0<em>Sailor Moon<\/em>.<\/li><li><em><strong>Kemeno<\/strong><\/em>: humanos con rasgos de animales, como\u00a0<em>Tokio Mew Mew<\/em><\/li><li><em><strong>Meitantei<\/strong><\/em>: historias de tem\u00e1tica policial, como\u00a0<em>Death Note<\/em>.<\/li><li><strong><em>Realidad virtual<\/em>:<\/strong>\u00a0la historia se desarrolla dentro de un videojuego en l\u00ednea, como por ejemplo en\u00a0<em>Sword Art Online.<\/em><\/li><\/ul>\n<\/div><\/div>\n","protected":false},"excerpt":{"rendered":"<p>El manga se refiere a la expresi\u00f3n art\u00edstica y cultural de Jap\u00f3n que consiste en presentar historias en formato impreso, Hay diferentes tipos de clasificaciones, ya sea por grupo demogr\u00e1fico <a class=\"more-link\" href=\"https:\/\/someja.org\/?page_id=200\">Continue Reading &rarr;<\/a><\/p>\n","protected":false},"author":1,"featured_media":0,"parent":41,"menu_order":6,"comment_status":"closed","ping_status":"closed","template":"","meta":{"om_disable_all_campaigns":false,"_monsterinsights_skip_tracking":false,"_monsterinsights_sitenote_active":false,"_monsterinsights_sitenote_note":"","_monsterinsights_sitenote_category":0,"footnotes":""},"class_list":["post-200","page","type-page","status-publish","hentry"],"_links":{"self":[{"href":"https:\/\/someja.org\/index.php?rest_route=\/wp\/v2\/pages\/200","targetHints":{"allow":["GET"]}}],"collection":[{"href":"https:\/\/someja.org\/index.php?rest_route=\/wp\/v2\/pages"}],"about":[{"href":"https:\/\/someja.org\/index.php?rest_route=\/wp\/v2\/types\/page"}],"author":[{"embeddable":true,"href":"https:\/\/someja.org\/index.php?rest_route=\/wp\/v2\/users\/1"}],"replies":[{"embeddable":true,"href":"https:\/\/someja.org\/index.php?rest_route=%2Fwp%2Fv2%2Fcomments&post=200"}],"version-history":[{"count":2,"href":"https:\/\/someja.org\/index.php?rest_route=\/wp\/v2\/pages\/200\/revisions"}],"predecessor-version":[{"id":211,"href":"https:\/\/someja.org\/index.php?rest_route=\/wp\/v2\/pages\/200\/revisions\/211"}],"up":[{"embeddable":true,"href":"https:\/\/someja.org\/index.php?rest_route=\/wp\/v2\/pages\/41"}],"wp:attachment":[{"href":"https:\/\/someja.org\/index.php?rest_route=%2Fwp%2Fv2%2Fmedia&parent=200"}],"curies":[{"name":"wp","href":"https:\/\/api.w.org\/{rel}","templated":true}]}}