{"id":202,"date":"2022-08-01T03:46:09","date_gmt":"2022-08-01T03:46:09","guid":{"rendered":"https:\/\/someja.org\/?page_id=202"},"modified":"2022-08-02T05:50:23","modified_gmt":"2022-08-02T05:50:23","slug":"anime","status":"publish","type":"page","link":"https:\/\/someja.org\/?page_id=202","title":{"rendered":"Anime"},"content":{"rendered":"\n<div class=\"wp-block-media-text alignwide is-stacked-on-mobile\"><figure class=\"wp-block-media-text__media\"><img loading=\"lazy\" decoding=\"async\" width=\"400\" height=\"378\" src=\"http:\/\/someja.org\/wp-content\/uploads\/2022\/08\/Koneko_no_Rakugaki.jpg\" alt=\"Anime_01\" class=\"wp-image-216 size-full\" srcset=\"https:\/\/someja.org\/wp-content\/uploads\/2022\/08\/Koneko_no_Rakugaki.jpg 400w, https:\/\/someja.org\/wp-content\/uploads\/2022\/08\/Koneko_no_Rakugaki-300x284.jpg 300w\" sizes=\"auto, (max-width: 400px) 100vw, 400px\" \/><\/figure><div class=\"wp-block-media-text__content\">\n<p><em>Anim\u00e9<\/em>\u00a0es una palabra de origen franc\u00e9s (<em>dessin anim\u00e9<\/em>) que\u00a0<strong>significa animado o vivo<\/strong>, y que se comenz\u00f3 a utilizar desde 1985 para referirse a los<strong>\u00a0dibujos animados en la televisi\u00f3n<\/strong>, como una forma de hacer competencia a los dise\u00f1os animados de Disney. <\/p>\n\n\n\n<p>El primer cortometraje de anime se le atribuye al animador japon\u00e9s <strong>Junichi Kouchi en 1917<\/strong>. El nombre del cortometraje se llam\u00f3 <strong>Nakamura Gatana (La espada de Nakamura)<\/strong> que duraba s\u00f3lo 2 minutos. <strong>\u00a0<\/strong>Sin embargo, no fue sino hasta 1957 que la compa\u00f1\u00eda <strong>Toei <\/strong>creo el primer cortometraje de 13 minutos,  llamado Koneko no Rakugaki que pudimos disfrutar de los primeros anime de calidad y la influencia de producciones de alto nivel mundial. <\/p>\n\n\n\n<p><\/p>\n\n\n\n<p><\/p>\n<\/div><\/div>\n\n\n\n<div class=\"wp-block-media-text alignwide has-media-on-the-right is-stacked-on-mobile\"><figure class=\"wp-block-media-text__media\"><img loading=\"lazy\" decoding=\"async\" width=\"1024\" height=\"622\" src=\"https:\/\/someja.org\/wp-content\/uploads\/2022\/08\/Anime_70s-1024x622.png\" alt=\"\" class=\"wp-image-227 size-full\" srcset=\"https:\/\/someja.org\/wp-content\/uploads\/2022\/08\/Anime_70s-1024x622.png 1024w, https:\/\/someja.org\/wp-content\/uploads\/2022\/08\/Anime_70s-300x182.png 300w, https:\/\/someja.org\/wp-content\/uploads\/2022\/08\/Anime_70s-768x467.png 768w, https:\/\/someja.org\/wp-content\/uploads\/2022\/08\/Anime_70s-1536x933.png 1536w, https:\/\/someja.org\/wp-content\/uploads\/2022\/08\/Anime_70s-2048x1244.png 2048w\" sizes=\"auto, (max-width: 1024px) 100vw, 1024px\" \/><\/figure><div class=\"wp-block-media-text__content\">\n<p>Posteriormente siguieron algunos otros como: Astro Boy 1963,  <em>Janguru Taitei<\/em>\u00a0conocido en occidente como <em>Kimba, El Le\u00f3n Blanco<\/em>, 1966, Mazinger Z \u30de\u30b8\u30f3\u30ac\u30fcZ\u00a0<em>Majing\u0101 Zetto<\/em>, 1972,  Heidi (1974), Remi (1977).<\/p>\n<\/div><\/div>\n\n\n\n<div class=\"wp-block-media-text alignwide is-stacked-on-mobile\"><figure class=\"wp-block-media-text__media\"><img loading=\"lazy\" decoding=\"async\" width=\"1024\" height=\"576\" src=\"https:\/\/someja.org\/wp-content\/uploads\/2022\/08\/Estudios_Ghibli-1024x576.jpg\" alt=\"\" class=\"wp-image-221 size-full\" srcset=\"https:\/\/someja.org\/wp-content\/uploads\/2022\/08\/Estudios_Ghibli-1024x576.jpg 1024w, https:\/\/someja.org\/wp-content\/uploads\/2022\/08\/Estudios_Ghibli-300x169.jpg 300w, https:\/\/someja.org\/wp-content\/uploads\/2022\/08\/Estudios_Ghibli-768x432.jpg 768w, https:\/\/someja.org\/wp-content\/uploads\/2022\/08\/Estudios_Ghibli.jpg 1200w\" sizes=\"auto, (max-width: 1024px) 100vw, 1024px\" \/><\/figure><div class=\"wp-block-media-text__content\">\n<p>Posteriormente tienen un gran \u00e9xito los anime dirigidos al p\u00fablico infantil, como Doraemon (1973), para los ni\u00f1os Dragon Ball (1986) y para las ni\u00f1as Sailor Moon (1992).<\/p>\n\n\n\n<p>A finales del siglo XX hace su aparici\u00f3n a nivel cinematogr\u00e1fico pel\u00edculas con t\u00e9cnicas muy avanzadas de ambientaci\u00f3n y sonido como La princesa Mononoke (1997), El viaje de Chijiro 2001 \u5343\u3068\u5343\u5c0b\u306e\u795e\u96a0\u3057\u00a0<em>Sen to Chihiro no Kamikakushi<\/em>, Ambas dirigidas por Hayao Miyazaki\u00a0y producidas en el Studio Ghibli. Esta \u00faltima gana el \u00d3scar como la mejor pel\u00edcula de animaci\u00f3n en 2003, sentando un precedente en su tipo. <\/p>\n\n\n\n<p> <\/p>\n<\/div><\/div>\n\n\n\n<div class=\"wp-block-media-text alignwide has-media-on-the-right is-stacked-on-mobile\"><figure class=\"wp-block-media-text__media\"><img loading=\"lazy\" decoding=\"async\" width=\"1024\" height=\"577\" src=\"https:\/\/someja.org\/wp-content\/uploads\/2022\/08\/Naruto_Naruto_Shippuden-1024x577.webp\" alt=\"\" class=\"wp-image-222 size-full\" srcset=\"https:\/\/someja.org\/wp-content\/uploads\/2022\/08\/Naruto_Naruto_Shippuden-1024x577.webp 1024w, https:\/\/someja.org\/wp-content\/uploads\/2022\/08\/Naruto_Naruto_Shippuden-300x169.webp 300w, https:\/\/someja.org\/wp-content\/uploads\/2022\/08\/Naruto_Naruto_Shippuden-768x433.webp 768w, https:\/\/someja.org\/wp-content\/uploads\/2022\/08\/Naruto_Naruto_Shippuden.webp 1080w\" sizes=\"auto, (max-width: 1024px) 100vw, 1024px\" \/><\/figure><div class=\"wp-block-media-text__content\">\n<p>Naruto (2002-2007) y Naruto: Sippuden (2007-2017)<\/p>\n<\/div><\/div>\n","protected":false},"excerpt":{"rendered":"<p>Anim\u00e9\u00a0es una palabra de origen franc\u00e9s (dessin anim\u00e9) que\u00a0significa animado o vivo, y que se comenz\u00f3 a utilizar desde 1985 para referirse a los\u00a0dibujos animados en la televisi\u00f3n, como una <a class=\"more-link\" href=\"https:\/\/someja.org\/?page_id=202\">Continue Reading &rarr;<\/a><\/p>\n","protected":false},"author":1,"featured_media":0,"parent":41,"menu_order":7,"comment_status":"closed","ping_status":"closed","template":"","meta":{"om_disable_all_campaigns":false,"_monsterinsights_skip_tracking":false,"_monsterinsights_sitenote_active":false,"_monsterinsights_sitenote_note":"","_monsterinsights_sitenote_category":0,"footnotes":""},"class_list":["post-202","page","type-page","status-publish","hentry"],"_links":{"self":[{"href":"https:\/\/someja.org\/index.php?rest_route=\/wp\/v2\/pages\/202","targetHints":{"allow":["GET"]}}],"collection":[{"href":"https:\/\/someja.org\/index.php?rest_route=\/wp\/v2\/pages"}],"about":[{"href":"https:\/\/someja.org\/index.php?rest_route=\/wp\/v2\/types\/page"}],"author":[{"embeddable":true,"href":"https:\/\/someja.org\/index.php?rest_route=\/wp\/v2\/users\/1"}],"replies":[{"embeddable":true,"href":"https:\/\/someja.org\/index.php?rest_route=%2Fwp%2Fv2%2Fcomments&post=202"}],"version-history":[{"count":6,"href":"https:\/\/someja.org\/index.php?rest_route=\/wp\/v2\/pages\/202\/revisions"}],"predecessor-version":[{"id":228,"href":"https:\/\/someja.org\/index.php?rest_route=\/wp\/v2\/pages\/202\/revisions\/228"}],"up":[{"embeddable":true,"href":"https:\/\/someja.org\/index.php?rest_route=\/wp\/v2\/pages\/41"}],"wp:attachment":[{"href":"https:\/\/someja.org\/index.php?rest_route=%2Fwp%2Fv2%2Fmedia&parent=202"}],"curies":[{"name":"wp","href":"https:\/\/api.w.org\/{rel}","templated":true}]}}